{"id":5,"date":"2018-04-06T12:06:27","date_gmt":"2018-04-06T12:06:27","guid":{"rendered":"http:\/\/www.unzue.es\/nombre_pueblo\/"},"modified":"2024-09-28T10:20:19","modified_gmt":"2024-09-28T10:20:19","slug":"unzue","status":"publish","type":"page","link":"http:\/\/www.unzue.es\/eu\/unzue\/","title":{"rendered":"NOMBRE_PUEBLO_EUSKERA"},"content":{"rendered":"<p><\/p>\n<h2>Horario de atenci\u00f3n:<\/h2>\n<p>Martes y jueves. Aconsejamos que antes de realizar un desplazamiento consulte disponibilidad y solicite cita previa (Tel: 948 720 200).<br \/>\nSi por cualquier motivo el Ayuntamiento se encontrara cerrado podr\u00e1n ponerse en contacto en el resto de puntos de la Agrupaci\u00f3n:<br \/>\n&#8211; Catalain: Sede Servicios Administrativos11:00-14:30 horas (948 926 920)<br \/>\n&#8211; Gar\u00ednoain: Lunes, mi\u00e9rcoles y viernes de 11:00-14:30 horas (948 752 076)<br \/>\n&#8211; Ol\u00f3riz: Martes y jueves de 11:00-14:30 horas (948 752 038)<br \/>\n&#8211; Or\u00edsoain: Mi\u00e9rcoles de 11:00-14:30 horas (948 752 012)<br \/>\n&#8211; Pueyo: Lunes, mi\u00e9rcoles y viernes de 11:00-14:30 horas (948 721 022)<\/p>\n<hr \/>\n<table>\n<tbody>\n<tr>\n<td>\n<h3><strong>Saludo<\/strong><\/h3>\n<p>Os damos la bienvenida a la p\u00e1gina web del Ayuntamiento de Unzu\u00e9.<\/p>\n<p>Unzu\u00e9 est\u00e1 enclavado en la Zona Media de Navarra, en el Valle de La Valdorba. Estamos situados a 20km de la capital navarra.<\/p>\n<p>Vivimos en un pueblo tranquilo, situado en plena naturaleza. Tenemos incre\u00edbles posibilidades para disfrutar de bellos paisajes y estupendos paseos por nuestros arom\u00e1ticos montes.<\/p>\n<p>Somos un pueblo con deseos de crecer y que est\u00e1 en disposici\u00f3n de acoger con los brazos abiertos a quien quiera visitarnos.<\/p>\n<p>Esta p\u00e1gina web pretende ser una herramienta eficaz y segura para realizar diversas consultas y facilitar las gestiones administrativas. Adem\u00e1s nos gustar\u00eda mostrar informaci\u00f3n sobre nuestra localidad, servicios que ofertamos, nuestra historia y nuestras tradiciones. Finalmente queremos solicitar vuestra colaboraci\u00f3n para plantearnos vuestras dudas y sugerencias.<\/p>\n<p>Gracias y hasta pronto!<\/p>\n<p>Encarna Ducun Izpura<\/p>\n<p>Alcaldesa de Unzu\u00e9<\/td>\n<td>\n<h3><strong>Agurra<\/strong><\/h3>\n<p>Ongi etorriak Untzueko udalaren web-orrialdera.<\/p>\n<p>Untzue Nafarroako erdialdean eta Orbaibarreko eskualdean dagoen udalerria da. Nafarroako hiriburutik 20 kilometrora dago. Naturan murgildurik dagoen herri lasaian bizi gara. Paisai ederrez, pasealeku zoragarriz eta mendi erakargarriez gozatzeko aukera paregabeak ditugu.<\/p>\n<p>Aurrera egin nahi dugu eta beso-zabal harrera eman nahi dizuegu guregana hurbildu nahi duzuen guztioi.<\/p>\n<p>Webgune hau tresna baliogarria eta ziurra izatea nahi dugu edozein kontsultei erantzuteko eta herritarren administrazio kudeaketa errazteko. Gainera gure herriari buruzko informazio zabala, bertako zerbitzuak, gure historia eta tradizioen berri ematea ere ditugu helburutzat. Azkenik zuen kolaborazioa eskatzen dugu zalantzak azaltzeko eta hobekuntzak ezartzeko.<\/p>\n<p>Eskerrik asko eta laster arte.<\/p>\n<p>Encarna Ducun Izpura<\/p>\n<p>Untzueko Alkate andrea<\/td>\n<\/tr>\n<\/tbody>\n<\/table>\n<h2><strong>Corporaci\u00f3n municipal<\/strong><\/h2>\n<h3>Alcald\u00eda<\/h3>\n<p>Mar\u00eda Encarnaci\u00f3n Ducun Izpura (Agrupaci\u00f3n Independiente de Unzu\u00e9)<\/p>\n<h3>Concejal\u00eda<\/h3>\n<p>Juanita Rubio Aguinaga (Agrupaci\u00f3n Independiente de Unzu\u00e9)<br \/>\nMar\u00eda Jes\u00fas Esain Irisarri (Untzue Bizirik)<br \/>\nJos\u00e9 Javier Jaurrieta Elcano (Untzue Bizirik)<\/p>\n<h3>Teniente-alcalde<\/h3>\n<p>Juan Mar\u00eda De la Fuente Olcoz (Agrupaci\u00f3n Independiente de Unzu\u00e9)<\/p>\n<hr \/>\n<h2><strong>DATOS SOBRE UNZUE<\/strong><\/h2>\n<p><strong>UNZUE<\/strong>, situado a 20 Km. de Pamplona. Pertenece a la merindad de Olite, comarca de Tafalla, valle de Valdorba. Limita al Norte con Tiebas-Campanas-Muruarte de Reta y Valle Elorz, al Este con Monreal, al Sur con Ol\u00f3riz-Echag\u00fce-Oricin y al Oeste con Bar\u00e1soain y Tiebas-Biurrun-Muruarte de Reta.<br \/>\nEste municipio tiene una superficie de 18,5 km2; se halla al pie de la Pe\u00f1a de Unzu\u00e9 (990m), en la margen izquierda del rio Cidacos; cuenta con una zona de viviendas llamada \u201cEl Carrascal\u201d a una distancia de 1,5 Km. junto a la carretera N-121 y la v\u00eda f\u00e9rrea.<br \/>\nLa comunicaci\u00f3n con Pamplona y Tafalla se inicia en la NA-5010 durante 1,5 km hasta tomar la N-121 y paralelamente discurre la autopista AP-15 con acceso a 3 Km. en direcci\u00f3n Pamplona.<br \/>\nLas caracter\u00edsticas mediterr\u00e1neo-continentales que ofrece el clima son: inviernos fr\u00edos, acompa\u00f1ados de nuestro cierzo; veranos moderadamente calurosos y secos. Disfrutamos de una gran extensi\u00f3n y variedad de arbolado, con bosques aut\u00f3ctonos b\u00e1sicamente quejigales con mezcla de carrascos-encinos as\u00ed como de robledales y hayedos en la Sierra de Alaiz e inmediaciones que aportan valor paisaj\u00edstico y ecol\u00f3gico. Adem\u00e1s contamos con matorral bajo y arbolado en linderos de parcelas agr\u00edcolas que respetan el medioambiente y le dan especial valor al entorno natural, junto a la gran variedad de orqu\u00eddeas silvestres.<br \/>\nLa agricultura ha experimentado una evoluci\u00f3n, con predominio hacia cultivos de cereal de secano y disminuci\u00f3n de la vid. Incluye todo tipo de campos cultivados en secano. La gran mayor\u00eda son cultivos cerealistas, alg\u00fan vi\u00f1edo y esparragueras.<br \/>\nEl pastoreo es un recurso todav\u00eda vigente con ganado ovino y caballar. Tambi\u00e9n contamos con alguna actividad canina y de trabajo con la madera as\u00ed como Aut\u00f3nomos de diferentes sectores.<br \/>\nLa poblaci\u00f3n de Unzu\u00e9 ha experimentado a lo largo del \u00faltimo siglo ligeras variaciones, no habi\u00e9ndose producido crecimiento urban\u00edstico. Mantiene una poblaci\u00f3n de 136 habitantes en 2017.<\/p>\n<h2><strong>Organizaci\u00f3n municipal<\/strong><\/h2>\n<p>Juanita Rubio Aguinaga \u2013 Servicios Sociales de Base<br \/>\nM\u00aa Jes\u00fas Es\u00e1in Irisarri \u2013 Consorcio Zona Media<br \/>\nJose Javier Jaurrieta Elcano \u2013 Mairaga<br \/>\nJuan M\u00aa De la fuente Olcoz \u2013 Teniente Alcalde y Agrupaci\u00f3n Servicios Administrativos<br \/>\nEncarna Ducun Izpura \u2013 Alcaldesa, Urbanismo (Orve), FNMC y Asociaci\u00f3n para el Desarrollo de Valdorba.<\/p>\n<hr \/>\n<h2><strong>Impuestos y Grav\u00e1menes<\/strong><\/h2>\n<p><a href=\"http:\/\/www.navarra.es\/home_es\/Actualidad\/BON\/Boletines\/2017\/7\/Anuncio-78\/\" target=\"_blank\" rel=\"noopener\">Tipos de gravamen 2017<\/a><\/p>\n<p><a href=\"http:\/\/www.navarra.es\/home_es\/Actualidad\/BON\/Boletines\/2017\/11\/Anuncio-60\/\" target=\"_blank\" rel=\"noopener\">Calendario de recaudaci\u00f3n de grav\u00e1menes peri\u00f3dicos 2017<\/a><\/p>","protected":false},"excerpt":{"rendered":"<p>Horario de atenci\u00f3n: Martes y jueves. Aconsejamos que antes de realizar un desplazamiento consulte disponibilidad y solicite cita previa (Tel: 948 720 200). Si por cualquier motivo el Ayuntamiento se encontrara cerrado podr\u00e1n ponerse en contacto en el resto de&hellip; <\/p>\n","protected":false},"author":1,"featured_media":7518,"parent":0,"menu_order":5,"comment_status":"closed","ping_status":"closed","template":"","meta":{"_monsterinsights_skip_tracking":false,"_monsterinsights_sitenote_active":false,"_monsterinsights_sitenote_note":"","_monsterinsights_sitenote_category":0,"footnotes":""},"class_list":["post-5","page","type-page","status-publish","has-post-thumbnail","hentry"],"yoast_head":"<!-- This site is optimized with the Yoast SEO plugin v26.8 - https:\/\/yoast.com\/product\/yoast-seo-wordpress\/ -->\r\n<title>NOMBRE_PUEBLO_EUSKERA - Ayuntamiento de Unzu\u00e9<\/title>\r\n<meta name=\"robots\" content=\"index, follow, max-snippet:-1, max-image-preview:large, max-video-preview:-1\" \/>\r\n<link rel=\"canonical\" href=\"http:\/\/www.unzue.es\/eu\/unzue\/\" \/>\r\n<meta property=\"og:locale\" content=\"eu_ES\" \/>\r\n<meta property=\"og:type\" content=\"article\" \/>\r\n<meta property=\"og:title\" content=\"NOMBRE_PUEBLO_EUSKERA - Ayuntamiento de Unzu\u00e9\" \/>\r\n<meta property=\"og:description\" content=\"Horario de atenci\u00f3n: Martes y jueves. Aconsejamos que antes de realizar un desplazamiento consulte disponibilidad y solicite cita previa (Tel: 948 720 200). Si por cualquier motivo el Ayuntamiento se encontrara cerrado podr\u00e1n ponerse en contacto en el resto de&hellip;\" \/>\r\n<meta property=\"og:url\" content=\"http:\/\/www.unzue.es\/eu\/unzue\/\" \/>\r\n<meta property=\"og:site_name\" content=\"Ayuntamiento de Unzu\u00e9\" \/>\r\n<meta property=\"article:modified_time\" content=\"2024-09-28T10:20:19+00:00\" \/>\r\n<meta property=\"og:image\" content=\"http:\/\/www.unzue.es\/wp-content\/uploads\/sites\/35\/2018\/05\/unzue_s1.jpg\" \/>\r\n\t<meta property=\"og:image:width\" content=\"1018\" \/>\r\n\t<meta property=\"og:image:height\" content=\"275\" \/>\r\n\t<meta property=\"og:image:type\" content=\"image\/jpeg\" \/>\r\n<meta name=\"twitter:card\" content=\"summary_large_image\" \/>\r\n<meta name=\"twitter:label1\" content=\"Est. reading time\" \/>\n\t<meta name=\"twitter:data1\" content=\"8 minutes\" \/>\r\n<script type=\"application\/ld+json\" class=\"yoast-schema-graph\">{\"@context\":\"https:\/\/schema.org\",\"@graph\":[{\"@type\":\"WebPage\",\"@id\":\"http:\/\/www.unzue.es\/eu\/unzue\/\",\"url\":\"http:\/\/www.unzue.es\/eu\/unzue\/\",\"name\":\"NOMBRE_PUEBLO_EUSKERA - Ayuntamiento de Unzu\u00e9\",\"isPartOf\":{\"@id\":\"http:\/\/www.unzue.es\/eu\/#website\"},\"primaryImageOfPage\":{\"@id\":\"http:\/\/www.unzue.es\/eu\/unzue\/#primaryimage\"},\"image\":{\"@id\":\"http:\/\/www.unzue.es\/unzue\/#primaryimage\"},\"thumbnailUrl\":\"http:\/\/www.unzue.es\/wp-content\/uploads\/sites\/35\/2018\/05\/unzue_s1.jpg\",\"datePublished\":\"2018-04-06T12:06:27+00:00\",\"dateModified\":\"2024-09-28T10:20:19+00:00\",\"breadcrumb\":{\"@id\":\"http:\/\/www.unzue.es\/eu\/unzue\/#breadcrumb\"},\"inLanguage\":\"eu-ES\",\"potentialAction\":[{\"@type\":\"ReadAction\",\"target\":[[\"http:\/\/www.unzue.es\/eu\/unzue\/\"]]}]},{\"@type\":\"ImageObject\",\"inLanguage\":\"eu-ES\",\"@id\":\"http:\/\/www.unzue.es\/eu\/unzue\/#primaryimage\",\"url\":\"http:\/\/www.unzue.es\/wp-content\/uploads\/sites\/35\/2018\/05\/unzue_s1.jpg\",\"contentUrl\":\"http:\/\/www.unzue.es\/wp-content\/uploads\/sites\/35\/2018\/05\/unzue_s1.jpg\",\"width\":1018,\"height\":275},{\"@type\":\"BreadcrumbList\",\"@id\":\"http:\/\/www.unzue.es\/eu\/unzue\/#breadcrumb\",\"itemListElement\":[{\"@type\":\"ListItem\",\"position\":1,\"name\":\"Home\",\"item\":\"http:\/\/www.unzue.es\/eu\/\"},{\"@type\":\"ListItem\",\"position\":2,\"name\":\"UNZU\u00c9\"}]},{\"@type\":\"WebSite\",\"@id\":\"http:\/\/www.unzue.es\/eu\/#website\",\"url\":\"http:\/\/www.unzue.es\/eu\/\",\"name\":\"Ayuntamiento de Unzu\u00e9\",\"description\":\"Otro sitio m\u00e1s de Sitios Desarrollo portales ANIMSA\",\"potentialAction\":[{\"@type\":\"SearchAction\",\"target\":{\"@type\":\"EntryPoint\",\"urlTemplate\":\"http:\/\/www.unzue.es\/eu\/?s={search_term_string}\"},\"query-input\":{\"@type\":\"PropertyValueSpecification\",\"valueRequired\":true,\"valueName\":\"search_term_string\"}}],\"inLanguage\":\"eu-ES\"}]}<\/script>\r\n<!-- \/ Yoast SEO plugin. -->","yoast_head_json":{"title":"NOMBRE_PUEBLO_EUSKERA - Ayuntamiento de Unzu\u00e9","robots":{"index":"index","follow":"follow","max-snippet":"max-snippet:-1","max-image-preview":"max-image-preview:large","max-video-preview":"max-video-preview:-1"},"canonical":"http:\/\/www.unzue.es\/eu\/unzue\/","og_locale":"eu_ES","og_type":"article","og_title":"NOMBRE_PUEBLO_EUSKERA - Ayuntamiento de Unzu\u00e9","og_description":"Horario de atenci\u00f3n: Martes y jueves. Aconsejamos que antes de realizar un desplazamiento consulte disponibilidad y solicite cita previa (Tel: 948 720 200). Si por cualquier motivo el Ayuntamiento se encontrara cerrado podr\u00e1n ponerse en contacto en el resto de&hellip;","og_url":"http:\/\/www.unzue.es\/eu\/unzue\/","og_site_name":"Ayuntamiento de Unzu\u00e9","article_modified_time":"2024-09-28T10:20:19+00:00","og_image":[{"width":1018,"height":275,"url":"http:\/\/www.unzue.es\/wp-content\/uploads\/sites\/35\/2018\/05\/unzue_s1.jpg","type":"image\/jpeg"}],"twitter_card":"summary_large_image","twitter_misc":{"Est. reading time":"8 minutes"},"schema":{"@context":"https:\/\/schema.org","@graph":[{"@type":"WebPage","@id":"http:\/\/www.unzue.es\/eu\/unzue\/","url":"http:\/\/www.unzue.es\/eu\/unzue\/","name":"NOMBRE_PUEBLO_EUSKERA - Ayuntamiento de Unzu\u00e9","isPartOf":{"@id":"http:\/\/www.unzue.es\/eu\/#website"},"primaryImageOfPage":{"@id":"http:\/\/www.unzue.es\/eu\/unzue\/#primaryimage"},"image":{"@id":"http:\/\/www.unzue.es\/unzue\/#primaryimage"},"thumbnailUrl":"http:\/\/www.unzue.es\/wp-content\/uploads\/sites\/35\/2018\/05\/unzue_s1.jpg","datePublished":"2018-04-06T12:06:27+00:00","dateModified":"2024-09-28T10:20:19+00:00","breadcrumb":{"@id":"http:\/\/www.unzue.es\/eu\/unzue\/#breadcrumb"},"inLanguage":"eu-ES","potentialAction":[{"@type":"ReadAction","target":[["http:\/\/www.unzue.es\/eu\/unzue\/"]]}]},{"@type":"ImageObject","inLanguage":"eu-ES","@id":"http:\/\/www.unzue.es\/eu\/unzue\/#primaryimage","url":"http:\/\/www.unzue.es\/wp-content\/uploads\/sites\/35\/2018\/05\/unzue_s1.jpg","contentUrl":"http:\/\/www.unzue.es\/wp-content\/uploads\/sites\/35\/2018\/05\/unzue_s1.jpg","width":1018,"height":275},{"@type":"BreadcrumbList","@id":"http:\/\/www.unzue.es\/eu\/unzue\/#breadcrumb","itemListElement":[{"@type":"ListItem","position":1,"name":"Home","item":"http:\/\/www.unzue.es\/eu\/"},{"@type":"ListItem","position":2,"name":"UNZU\u00c9"}]},{"@type":"WebSite","@id":"http:\/\/www.unzue.es\/eu\/#website","url":"http:\/\/www.unzue.es\/eu\/","name":"Ayuntamiento de Unzu\u00e9","description":"Otro sitio m\u00e1s de Sitios Desarrollo portales ANIMSA","potentialAction":[{"@type":"SearchAction","target":{"@type":"EntryPoint","urlTemplate":"http:\/\/www.unzue.es\/eu\/?s={search_term_string}"},"query-input":{"@type":"PropertyValueSpecification","valueRequired":true,"valueName":"search_term_string"}}],"inLanguage":"eu-ES"}]}},"_links":{"self":[{"href":"http:\/\/www.unzue.es\/eu\/wp-json\/wp\/v2\/pages\/5","targetHints":{"allow":["GET"]}}],"collection":[{"href":"http:\/\/www.unzue.es\/eu\/wp-json\/wp\/v2\/pages"}],"about":[{"href":"http:\/\/www.unzue.es\/eu\/wp-json\/wp\/v2\/types\/page"}],"author":[{"embeddable":true,"href":"http:\/\/www.unzue.es\/eu\/wp-json\/wp\/v2\/users\/1"}],"replies":[{"embeddable":true,"href":"http:\/\/www.unzue.es\/eu\/wp-json\/wp\/v2\/comments?post=5"}],"version-history":[{"count":54,"href":"http:\/\/www.unzue.es\/eu\/wp-json\/wp\/v2\/pages\/5\/revisions"}],"predecessor-version":[{"id":19626,"href":"http:\/\/www.unzue.es\/eu\/wp-json\/wp\/v2\/pages\/5\/revisions\/19626"}],"wp:featuredmedia":[{"embeddable":true,"href":"http:\/\/www.unzue.es\/eu\/wp-json\/wp\/v2\/media\/7518"}],"wp:attachment":[{"href":"http:\/\/www.unzue.es\/eu\/wp-json\/wp\/v2\/media?parent=5"}],"curies":[{"name":"wp","href":"https:\/\/api.w.org\/{rel}","templated":true}]}}