{"id":6,"date":"2018-04-06T12:06:27","date_gmt":"2018-04-06T12:06:27","guid":{"rendered":"http:\/\/www.unzue.es\/visitanos\/"},"modified":"2020-12-05T13:04:35","modified_gmt":"2020-12-05T13:04:35","slug":"visitanos","status":"publish","type":"page","link":"http:\/\/www.unzue.es\/eu\/visitanos\/","title":{"rendered":"Bisita Gaitzazu"},"content":{"rendered":"<p><iframe loading=\"lazy\" src=\"https:\/\/www.google.com\/maps\/embed?pb=!1m18!1m12!1m3!1d2934.4145160212024!2d-1.6285256340980983!3d42.652570579168454!2m3!1f0!2f0!3f0!3m2!1i1024!2i768!4f13.1!3m3!1m2!1s0xd509bb218636bcb%3A0xbad6ed0b55885cd4!2s31396+Unzu%C3%A9%2C+Navarra!5e0!3m2!1ses!2ses!4v1529996113489\" width=\"100%\" height=\"450\" style=\"border: none;\"><\/iframe><\/p>\n<h2 id=\"historia\">HISTORIA Y ARTE<\/h2>\n<div class=\"bloque class-col-xs-12\"><a href=\"#iglesia\" class=\"bloque-tab\">Iglesia San Mill\u00e1n<\/a><div class=\"contenido-bloque\" id=\"iglesia\" style=\"display: none;\"><\/p>\n<p>La Iglesia de San Mill\u00e1n de Unzu\u00e9, inicialmente dedicada a Santa Mar\u00eda, es una obra de origen medieval que fue transformada en el s. XVI a\u00f1adi\u00e9ndole el crucero y la cabecera poligonal. Cubierta de b\u00f3vedas de terceletes en todo el templo, excepto en la sacrist\u00eda, con b\u00f3veda de aristas.<\/p>\n<p>Construida en estilo barroco, la portada medieval, se abre por el lado de la Ep\u00edstola y est\u00e1 formada por un arco con baquet\u00f3n levemente apuntado que se abocina en cuatro arquivoltas de medio punto con fuertes baquetones que apoyan en columnas. Queda protegida por un p\u00f3rtico barroco de mediados del s. XVIII. Tambi\u00e9n de origen medieval con a\u00f1adidos posteriores, se conserva la torre. Del lado de la Ep\u00edstola, aparece una talla de la Virgen de Artederreta con el Ni\u00f1o de finales del s. XVI y estilo renacentista. Una pila de agua bendita de \u00e9poca medieval junto a la puerta de entrada. En el otro lado se encuentra un Crucificado g\u00f3tico del s. XV de aspecto arcaizante y repintado. En la cabecera se encuentra un retablo mayor barroco de finales del s. XVII realizado por Juan de Eguilaz y dorado y estofado por Jos\u00e9 Garc\u00eda posteriormente. Decoraci\u00f3n abigarrada vegetal.<\/p>\n<p>En la otra capilla, una talla de San Bernab\u00e9 barroca. En la sacrist\u00eda se conservan piezas de orfebrer\u00eda, entre las que destacan un c\u00e1liz de plata sobredorada de la primera mitad del s. XVII, una campanilla de bronce del s. XVI y unas crismeras de plata neocl\u00e1sicas.<\/p>\n<p>Englobada entre otras construcciones, se encuentra la Ermita de Artederreta de origen medieval, si bien fue muy transformada sobre todo al interior. Planta de tres naves con cabecera recta. Cubierta de b\u00f3veda de medio ca\u00f1\u00f3n rebajada sobre arcos fajones levemente apuntados.<\/p>\n<p>La Ermita de San Bernab\u00e9 de car\u00e1cter rural posee nave rectangular y cubierta a dos aguas sobre vigas de madera.<\/p>\n<p><\/div><\/div>\n<div class=\"bloque class-col-xs-12\"><a href=\"#aljibes\" class=\"bloque-tab\">Aljibe Medieval<\/a><div class=\"contenido-bloque\" id=\"aljibes\" style=\"display: none;\"><\/p>\n<p>A la entrada del pueblo se sit\u00faa el edificio construido para cubrir el nacimiento de la\u00a0 apreciada agua que nace de la Pe\u00f1a de Unzu\u00e9.<\/p>\n<p><strong>La Fuente Aljibe medieval de Unzue<\/strong> responde a un tipo del que se conservan bastantes ejemplares en Navarra (Villamayor, Artaiz, Ardaiz, etc.)\u00a0 , pero no son muchos los que conservan un frente de estas caracter\u00edsticas, lo que le da un valor especial. En este caso el capitel y los arcos de medio punto, as\u00ed como la b\u00f3veda, y el tipo de aljibe,\u00a0 pueden datar\u00a0 la construcci\u00f3n de la\u00a0 fuente aljibe entre los a\u00f1os 1180 y 1250 dc. Fuentes\u00a0 de este tipo se construyeron a lo largo de la Edad Media. Se conoc\u00eda muy poco de\u00a0 la\u00a0 existencia\u00a0 de la fuente debido a que se encontraba enterrada.<\/p>\n<p>El edificio de piedra se compone del aljibe rectangular con b\u00f3veda de ca\u00f1\u00f3n, ligeramente apuntada, con una orientaci\u00f3n NO-SE. Presenta doble entrada con arcos de medio punto en la cara Sur-Oeste, hacia la carretera. Las medidas interiores\u00a0 de la fuente son de 300cm. por 250 cm.<\/p>\n<p>Sus 5 gradas interiores, posiblemente,\u00a0 permit\u00edan acceder al nivel del agua en las \u00e9pocas de sequ\u00eda.<\/p>\n<p>La primera fase de la rehabilitaci\u00f3n se realiz\u00f3 en el 2017. La b\u00f3veda ten\u00eda\u00a0 cierta cesi\u00f3n\u00a0 en el lado de los arcos y en el opuesto. Se realiz\u00f3\u00a0 la excavaci\u00f3n para sacarla a la luz, empezando por el frente de los arcos. En el proceso, se descubri\u00f3 un muro de siller\u00eda, que en una reforma de la fuente sin datar, ocult\u00f3 los arcos y la fuente, posiblemente para proteger la potabilidad del agua. Tras vaciar el aljibe, se descubrieron las gradas interiores, ocultas sobre un relleno de gravas y piedras. Posteriormente\u00a0 se\u00a0 cimbr\u00f3 la b\u00f3veda para llevar a su sitio las dovelas, y se consolid\u00f3 la b\u00f3veda. En el examen exterior no apareci\u00f3\u00a0 ning\u00fan resto de material de cobertura de la fuente.<\/p>\n<p>En la segunda fase, se acondicionar\u00e1 el entorno, creando un muro de contenci\u00f3n para volver a enterrar la fuente, pero dejando vistos los arcos de medio punto, que gracias a la creaci\u00f3n de una nueva peque\u00f1a plaza triangular, har\u00e1 visible la fuente Aljibe medieval, en la entrada de Unzu\u00e9.<\/p>\n<p><\/div><\/div>\n<div class=\"bloque class-col-xs-12\"><a href=\"#arqueologico\" class=\"bloque-tab\">Arqueol\u00f3gico-Artusia-Errotaldea<\/a><div class=\"contenido-bloque\" id=\"arqueologico\" style=\"display: none;\"><\/p>\n<h1>Lorem Ipsum<\/h1>\n<h4>&#8220;Neque porro quisquam est qui dolorem ipsum quia dolor sit amet, consectetur, adipisci velit&#8230;&#8221;<\/h4>\n<hr \/>\n<p>Lorem ipsum dolor sit amet, consectetur adipiscing elit. Aliquam efficitur elit eu odio porttitor molestie. Sed sit amet commodo lectus. Pellentesque ac pellentesque nisl, eget bibendum nunc. Aliquam sit amet purus vel erat interdum fermentum. Praesent ut lacus urna. Aenean vel tellus lobortis, tincidunt ligula eget, ultricies turpis. Nullam viverra neque vel ipsum efficitur, ac consequat nulla accumsan. Curabitur magna lacus, pellentesque sed quam vel, suscipit bibendum neque. Nullam elementum dapibus nunc, ut luctus augue aliquam in. Morbi risus sapien, mollis ut dui nec, posuere laoreet augue. In dignissim tempor pulvinar.<\/p>\n<p>Donec elementum eros vitae molestie dignissim. In sem felis, placerat vel eleifend eu, porta id magna. Nullam luctus, dolor eu lacinia maximus, magna lorem vestibulum magna, vitae ornare diam lacus eu sapien. In pulvinar condimentum lacinia. Interdum et malesuada fames ac ante ipsum primis in faucibus. Ut ut vulputate turpis, eget ultrices est. Aliquam sit amet libero sem. Ut nisi ipsum, iaculis eu enim in, tincidunt ultrices tellus. In hac habitasse platea dictumst. Suspendisse bibendum neque id commodo consequat.<\/p>\n<p>Aliquam egestas libero id eros porta dictum. Nam eget eleifend odio. Mauris faucibus porta massa, vitae luctus massa. Nunc ligula est, tristique ac massa at, ultricies fermentum eros. Nunc vel venenatis magna, et consequat turpis. Donec lacinia eu dui ac malesuada. Nullam vehicula vel lacus finibus consequat. Nullam ut neque imperdiet neque egestas convallis eget id turpis. Sed semper nunc quam, sed fringilla lectus vestibulum nec. Praesent eu tellus ex. Morbi eu leo felis. Phasellus volutpat sem turpis, nec interdum neque pellentesque at. Donec sit amet fringilla tellus, nec iaculis odio. Quisque eu commodo ante. Phasellus tristique mi at cursus lacinia.<\/p>\n<p><\/div><\/div>\n<div class=\"bloque class-col-xs-12\"><a href=\"#castillo\" class=\"bloque-tab\">Castillo de Guerga<\/a><div class=\"contenido-bloque\" id=\"castillo\" style=\"display: none;\"><\/p>\n<h1>Lorem Ipsum<\/h1>\n<h4>&#8220;Neque porro quisquam est qui dolorem ipsum quia dolor sit amet, consectetur, adipisci velit&#8230;&#8221;<\/h4>\n<hr \/>\n<p>Lorem ipsum dolor sit amet, consectetur adipiscing elit. Aliquam efficitur elit eu odio porttitor molestie. Sed sit amet commodo lectus. Pellentesque ac pellentesque nisl, eget bibendum nunc. Aliquam sit amet purus vel erat interdum fermentum. Praesent ut lacus urna. Aenean vel tellus lobortis, tincidunt ligula eget, ultricies turpis. Nullam viverra neque vel ipsum efficitur, ac consequat nulla accumsan. Curabitur magna lacus, pellentesque sed quam vel, suscipit bibendum neque. Nullam elementum dapibus nunc, ut luctus augue aliquam in. Morbi risus sapien, mollis ut dui nec, posuere laoreet augue. In dignissim tempor pulvinar.<\/p>\n<p>Donec elementum eros vitae molestie dignissim. In sem felis, placerat vel eleifend eu, porta id magna. Nullam luctus, dolor eu lacinia maximus, magna lorem vestibulum magna, vitae ornare diam lacus eu sapien. In pulvinar condimentum lacinia. Interdum et malesuada fames ac ante ipsum primis in faucibus. Ut ut vulputate turpis, eget ultrices est. Aliquam sit amet libero sem. Ut nisi ipsum, iaculis eu enim in, tincidunt ultrices tellus. In hac habitasse platea dictumst. Suspendisse bibendum neque id commodo consequat.<\/p>\n<p>Aliquam egestas libero id eros porta dictum. Nam eget eleifend odio. Mauris faucibus porta massa, vitae luctus massa. Nunc ligula est, tristique ac massa at, ultricies fermentum eros. Nunc vel venenatis magna, et consequat turpis. Donec lacinia eu dui ac malesuada. Nullam vehicula vel lacus finibus consequat. Nullam ut neque imperdiet neque egestas convallis eget id turpis. Sed semper nunc quam, sed fringilla lectus vestibulum nec. Praesent eu tellus ex. Morbi eu leo felis. Phasellus volutpat sem turpis, nec interdum neque pellentesque at. Donec sit amet fringilla tellus, nec iaculis odio. Quisque eu commodo ante. Phasellus tristique mi at cursus lacinia.<\/p>\n<p><\/div><\/div>\n<p><div class=\"bloque class-col-xs-12\"><a href=\"#libro\" class=\"bloque-tab\">Libro \"Unzu\u00e9, sus casas sus gentes, una mirada desde la pe\u00f1a\" - Juan Jos\u00e9 Ojer Am\u00e1trian<\/a><div class=\"contenido-bloque\" id=\"libro\" style=\"display: none;\"><br \/>\n<em>&#8220;Neque porro quisquam est qui dolorem ipsum quia dolor sit amet, consectetur, adipisci velit&#8230;&#8221;<\/em><br \/>\n<\/div><\/div><\/p>","protected":false},"excerpt":{"rendered":"<p>HISTORIA Y ARTE<\/p>\n","protected":false},"author":1,"featured_media":125,"parent":0,"menu_order":7,"comment_status":"closed","ping_status":"closed","template":"","meta":{"_monsterinsights_skip_tracking":false,"_monsterinsights_sitenote_active":false,"_monsterinsights_sitenote_note":"","_monsterinsights_sitenote_category":0,"footnotes":""},"class_list":["post-6","page","type-page","status-publish","has-post-thumbnail","hentry"],"yoast_head":"<!-- This site is optimized with the Yoast SEO plugin v26.8 - https:\/\/yoast.com\/product\/yoast-seo-wordpress\/ -->\r\n<title>Bisita Gaitzazu - Ayuntamiento de Unzu\u00e9<\/title>\r\n<meta name=\"robots\" content=\"index, follow, max-snippet:-1, max-image-preview:large, max-video-preview:-1\" \/>\r\n<link rel=\"canonical\" href=\"http:\/\/www.unzue.es\/eu\/visitanos\/\" \/>\r\n<meta property=\"og:locale\" content=\"eu_ES\" \/>\r\n<meta property=\"og:type\" content=\"article\" \/>\r\n<meta property=\"og:title\" content=\"Bisita Gaitzazu - Ayuntamiento de Unzu\u00e9\" \/>\r\n<meta property=\"og:description\" content=\"HISTORIA Y ARTE\" \/>\r\n<meta property=\"og:url\" content=\"http:\/\/www.unzue.es\/eu\/visitanos\/\" \/>\r\n<meta property=\"og:site_name\" content=\"Ayuntamiento de Unzu\u00e9\" \/>\r\n<meta property=\"article:modified_time\" content=\"2020-12-05T13:04:35+00:00\" \/>\r\n<meta property=\"og:image\" content=\"http:\/\/www.unzue.es\/wp-content\/uploads\/sites\/35\/2018\/04\/SliderUnzue3.jpg\" \/>\r\n\t<meta property=\"og:image:width\" content=\"1018\" \/>\r\n\t<meta property=\"og:image:height\" content=\"275\" \/>\r\n\t<meta property=\"og:image:type\" content=\"image\/jpeg\" \/>\r\n<meta name=\"twitter:card\" content=\"summary_large_image\" \/>\r\n<meta name=\"twitter:label1\" content=\"Est. reading time\" \/>\n\t<meta name=\"twitter:data1\" content=\"14 minutes\" \/>\r\n<script type=\"application\/ld+json\" class=\"yoast-schema-graph\">{\"@context\":\"https:\/\/schema.org\",\"@graph\":[{\"@type\":\"WebPage\",\"@id\":\"http:\/\/www.unzue.es\/eu\/visitanos\/\",\"url\":\"http:\/\/www.unzue.es\/eu\/visitanos\/\",\"name\":\"Bisita Gaitzazu - Ayuntamiento de Unzu\u00e9\",\"isPartOf\":{\"@id\":\"http:\/\/www.unzue.es\/eu\/#website\"},\"primaryImageOfPage\":{\"@id\":\"http:\/\/www.unzue.es\/eu\/visitanos\/#primaryimage\"},\"image\":{\"@id\":\"http:\/\/www.unzue.es\/visitanos\/#primaryimage\"},\"thumbnailUrl\":\"http:\/\/www.unzue.es\/wp-content\/uploads\/sites\/35\/2018\/04\/SliderUnzue3.jpg\",\"datePublished\":\"2018-04-06T12:06:27+00:00\",\"dateModified\":\"2020-12-05T13:04:35+00:00\",\"breadcrumb\":{\"@id\":\"http:\/\/www.unzue.es\/eu\/visitanos\/#breadcrumb\"},\"inLanguage\":\"eu-ES\",\"potentialAction\":[{\"@type\":\"ReadAction\",\"target\":[[\"http:\/\/www.unzue.es\/eu\/visitanos\/\"]]}]},{\"@type\":\"ImageObject\",\"inLanguage\":\"eu-ES\",\"@id\":\"http:\/\/www.unzue.es\/eu\/visitanos\/#primaryimage\",\"url\":\"http:\/\/www.unzue.es\/wp-content\/uploads\/sites\/35\/2018\/04\/SliderUnzue3.jpg\",\"contentUrl\":\"http:\/\/www.unzue.es\/wp-content\/uploads\/sites\/35\/2018\/04\/SliderUnzue3.jpg\",\"width\":1018,\"height\":275},{\"@type\":\"BreadcrumbList\",\"@id\":\"http:\/\/www.unzue.es\/eu\/visitanos\/#breadcrumb\",\"itemListElement\":[{\"@type\":\"ListItem\",\"position\":1,\"name\":\"Home\",\"item\":\"http:\/\/www.unzue.es\/eu\/\"},{\"@type\":\"ListItem\",\"position\":2,\"name\":\"Vis\u00edtanos\"}]},{\"@type\":\"WebSite\",\"@id\":\"http:\/\/www.unzue.es\/eu\/#website\",\"url\":\"http:\/\/www.unzue.es\/eu\/\",\"name\":\"Ayuntamiento de Unzu\u00e9\",\"description\":\"Otro sitio m\u00e1s de Sitios Desarrollo portales ANIMSA\",\"potentialAction\":[{\"@type\":\"SearchAction\",\"target\":{\"@type\":\"EntryPoint\",\"urlTemplate\":\"http:\/\/www.unzue.es\/eu\/?s={search_term_string}\"},\"query-input\":{\"@type\":\"PropertyValueSpecification\",\"valueRequired\":true,\"valueName\":\"search_term_string\"}}],\"inLanguage\":\"eu-ES\"}]}<\/script>\r\n<!-- \/ Yoast SEO plugin. -->","yoast_head_json":{"title":"Bisita Gaitzazu - Ayuntamiento de Unzu\u00e9","robots":{"index":"index","follow":"follow","max-snippet":"max-snippet:-1","max-image-preview":"max-image-preview:large","max-video-preview":"max-video-preview:-1"},"canonical":"http:\/\/www.unzue.es\/eu\/visitanos\/","og_locale":"eu_ES","og_type":"article","og_title":"Bisita Gaitzazu - Ayuntamiento de Unzu\u00e9","og_description":"HISTORIA Y ARTE","og_url":"http:\/\/www.unzue.es\/eu\/visitanos\/","og_site_name":"Ayuntamiento de Unzu\u00e9","article_modified_time":"2020-12-05T13:04:35+00:00","og_image":[{"width":1018,"height":275,"url":"http:\/\/www.unzue.es\/wp-content\/uploads\/sites\/35\/2018\/04\/SliderUnzue3.jpg","type":"image\/jpeg"}],"twitter_card":"summary_large_image","twitter_misc":{"Est. reading time":"14 minutes"},"schema":{"@context":"https:\/\/schema.org","@graph":[{"@type":"WebPage","@id":"http:\/\/www.unzue.es\/eu\/visitanos\/","url":"http:\/\/www.unzue.es\/eu\/visitanos\/","name":"Bisita Gaitzazu - Ayuntamiento de Unzu\u00e9","isPartOf":{"@id":"http:\/\/www.unzue.es\/eu\/#website"},"primaryImageOfPage":{"@id":"http:\/\/www.unzue.es\/eu\/visitanos\/#primaryimage"},"image":{"@id":"http:\/\/www.unzue.es\/visitanos\/#primaryimage"},"thumbnailUrl":"http:\/\/www.unzue.es\/wp-content\/uploads\/sites\/35\/2018\/04\/SliderUnzue3.jpg","datePublished":"2018-04-06T12:06:27+00:00","dateModified":"2020-12-05T13:04:35+00:00","breadcrumb":{"@id":"http:\/\/www.unzue.es\/eu\/visitanos\/#breadcrumb"},"inLanguage":"eu-ES","potentialAction":[{"@type":"ReadAction","target":[["http:\/\/www.unzue.es\/eu\/visitanos\/"]]}]},{"@type":"ImageObject","inLanguage":"eu-ES","@id":"http:\/\/www.unzue.es\/eu\/visitanos\/#primaryimage","url":"http:\/\/www.unzue.es\/wp-content\/uploads\/sites\/35\/2018\/04\/SliderUnzue3.jpg","contentUrl":"http:\/\/www.unzue.es\/wp-content\/uploads\/sites\/35\/2018\/04\/SliderUnzue3.jpg","width":1018,"height":275},{"@type":"BreadcrumbList","@id":"http:\/\/www.unzue.es\/eu\/visitanos\/#breadcrumb","itemListElement":[{"@type":"ListItem","position":1,"name":"Home","item":"http:\/\/www.unzue.es\/eu\/"},{"@type":"ListItem","position":2,"name":"Vis\u00edtanos"}]},{"@type":"WebSite","@id":"http:\/\/www.unzue.es\/eu\/#website","url":"http:\/\/www.unzue.es\/eu\/","name":"Ayuntamiento de Unzu\u00e9","description":"Otro sitio m\u00e1s de Sitios Desarrollo portales ANIMSA","potentialAction":[{"@type":"SearchAction","target":{"@type":"EntryPoint","urlTemplate":"http:\/\/www.unzue.es\/eu\/?s={search_term_string}"},"query-input":{"@type":"PropertyValueSpecification","valueRequired":true,"valueName":"search_term_string"}}],"inLanguage":"eu-ES"}]}},"_links":{"self":[{"href":"http:\/\/www.unzue.es\/eu\/wp-json\/wp\/v2\/pages\/6","targetHints":{"allow":["GET"]}}],"collection":[{"href":"http:\/\/www.unzue.es\/eu\/wp-json\/wp\/v2\/pages"}],"about":[{"href":"http:\/\/www.unzue.es\/eu\/wp-json\/wp\/v2\/types\/page"}],"author":[{"embeddable":true,"href":"http:\/\/www.unzue.es\/eu\/wp-json\/wp\/v2\/users\/1"}],"replies":[{"embeddable":true,"href":"http:\/\/www.unzue.es\/eu\/wp-json\/wp\/v2\/comments?post=6"}],"version-history":[{"count":131,"href":"http:\/\/www.unzue.es\/eu\/wp-json\/wp\/v2\/pages\/6\/revisions"}],"predecessor-version":[{"id":10419,"href":"http:\/\/www.unzue.es\/eu\/wp-json\/wp\/v2\/pages\/6\/revisions\/10419"}],"wp:featuredmedia":[{"embeddable":true,"href":"http:\/\/www.unzue.es\/eu\/wp-json\/wp\/v2\/media\/125"}],"wp:attachment":[{"href":"http:\/\/www.unzue.es\/eu\/wp-json\/wp\/v2\/media?parent=6"}],"curies":[{"name":"wp","href":"https:\/\/api.w.org\/{rel}","templated":true}]}}