{"id":7273,"date":"2015-12-09T12:24:44","date_gmt":"2015-12-09T12:24:44","guid":{"rendered":"http:\/\/www.animsa.es\/?page_id=7273"},"modified":"2016-03-04T10:33:24","modified_gmt":"2016-03-04T09:33:24","slug":"catalogo-de-servicios-y-atencion-ciudadana","status":"publish","type":"page","link":"http:\/\/www.unzue.es\/eu\/general\/transparencia\/relacion-del-ayuntamiento-con-los-ciudadanos-y-la-sociedad\/catalogo-de-servicios-y-atencion-ciudadana\/","title":{"rendered":"Zerbitzuen katalogoa eta herritarrendako arreta"},"content":{"rendered":"<p><\/p>\n<ul>\n<li>Herritarrengandik nahiz taldeetatik jasotako galderak.<\/li>\n<li>Zerbitzuen katalogo orokorra, barne daudela zerbitzuen egoitzak, ekipamenduak, helbidea, ordutegiak eta haien web estekak.<\/li>\n<li>Administrazio-prozeduren katalogoa, barne daudela xedea, izapideak, epeak, formularioak eta izapidetze elektronikorako aukera.<\/li>\n<li>Egoerak eta zirkulazio-mozketak, eta gorabeherak udal-zerbitzuetan.<\/li>\n<li>Udalerriaren ingurumen egoera.<\/li>\n<li>Udal taldeen iritziak eta proposamenak.<\/li>\n<li>Udalerriko elkarteak, gaiak eta egindako galderak.<\/li>\n<\/ul>\n<p><\/p>","protected":false},"excerpt":{"rendered":"<p>Herritarrengandik nahiz taldeetatik jasotako galderak. Zerbitzuen katalogo orokorra, barne daudela zerbitzuen egoitzak, ekipamenduak, helbidea, ordutegiak eta haien web estekak. Administrazio-prozeduren katalogoa, barne daudela xedea, izapideak, epeak, formularioak eta izapidetze elektronikorako aukera. Egoerak eta zirkulazio-mozketak, eta gorabeherak udal-zerbitzuetan. Udalerriaren ingurumen egoera.&hellip; <\/p>\n","protected":false},"author":1,"featured_media":0,"parent":7252,"menu_order":0,"comment_status":"closed","ping_status":"closed","template":"","meta":{"_monsterinsights_skip_tracking":false,"_monsterinsights_sitenote_active":false,"_monsterinsights_sitenote_note":"","_monsterinsights_sitenote_category":0,"footnotes":""},"class_list":["post-7273","page","type-page","status-publish","hentry"],"yoast_head":"<!-- This site is optimized with the Yoast SEO plugin v26.8 - https:\/\/yoast.com\/product\/yoast-seo-wordpress\/ -->\r\n<title>Cat\u00e1logo de servicios y atenci\u00f3n ciudadanaZerbitzuen katalogoa eta herritarrendako arreta - Ayuntamiento de Unzu\u00e9<\/title>\r\n<meta name=\"robots\" content=\"index, follow, max-snippet:-1, max-image-preview:large, max-video-preview:-1\" \/>\r\n<link rel=\"canonical\" href=\"http:\/\/www.unzue.es\/eu\/general\/transparencia\/relacion-del-ayuntamiento-con-los-ciudadanos-y-la-sociedad\/catalogo-de-servicios-y-atencion-ciudadana\/\" \/>\r\n<meta property=\"og:locale\" content=\"eu_ES\" \/>\r\n<meta property=\"og:type\" content=\"article\" \/>\r\n<meta property=\"og:title\" content=\"Cat\u00e1logo de servicios y atenci\u00f3n ciudadanaZerbitzuen katalogoa eta herritarrendako arreta - Ayuntamiento de Unzu\u00e9\" \/>\r\n<meta property=\"og:description\" content=\"Herritarrengandik nahiz taldeetatik jasotako galderak. Zerbitzuen katalogo orokorra, barne daudela zerbitzuen egoitzak, ekipamenduak, helbidea, ordutegiak eta haien web estekak. Administrazio-prozeduren katalogoa, barne daudela xedea, izapideak, epeak, formularioak eta izapidetze elektronikorako aukera. Egoerak eta zirkulazio-mozketak, eta gorabeherak udal-zerbitzuetan. Udalerriaren ingurumen egoera.&hellip;\" \/>\r\n<meta property=\"og:url\" content=\"http:\/\/www.unzue.es\/eu\/general\/transparencia\/relacion-del-ayuntamiento-con-los-ciudadanos-y-la-sociedad\/catalogo-de-servicios-y-atencion-ciudadana\/\" \/>\r\n<meta property=\"og:site_name\" content=\"Ayuntamiento de Unzu\u00e9\" \/>\r\n<meta property=\"article:modified_time\" content=\"2016-03-04T09:33:24+00:00\" \/>\r\n<meta name=\"twitter:card\" content=\"summary_large_image\" \/>\r\n<meta name=\"twitter:label1\" content=\"Est. reading time\" \/>\n\t<meta name=\"twitter:data1\" content=\"1 minute\" \/>\r\n<script type=\"application\/ld+json\" class=\"yoast-schema-graph\">{\"@context\":\"https:\/\/schema.org\",\"@graph\":[{\"@type\":\"WebPage\",\"@id\":\"http:\/\/www.unzue.es\/eu\/general\/transparencia\/relacion-del-ayuntamiento-con-los-ciudadanos-y-la-sociedad\/catalogo-de-servicios-y-atencion-ciudadana\/\",\"url\":\"http:\/\/www.unzue.es\/eu\/general\/transparencia\/relacion-del-ayuntamiento-con-los-ciudadanos-y-la-sociedad\/catalogo-de-servicios-y-atencion-ciudadana\/\",\"name\":\"Cat\u00e1logo de servicios y atenci\u00f3n ciudadanaZerbitzuen katalogoa eta herritarrendako arreta - Ayuntamiento de Unzu\u00e9\",\"isPartOf\":{\"@id\":\"http:\/\/www.unzue.es\/eu\/#website\"},\"datePublished\":\"2015-12-09T12:24:44+00:00\",\"dateModified\":\"2016-03-04T09:33:24+00:00\",\"breadcrumb\":{\"@id\":\"http:\/\/www.unzue.es\/eu\/general\/transparencia\/relacion-del-ayuntamiento-con-los-ciudadanos-y-la-sociedad\/catalogo-de-servicios-y-atencion-ciudadana\/#breadcrumb\"},\"inLanguage\":\"eu-ES\",\"potentialAction\":[{\"@type\":\"ReadAction\",\"target\":[[\"http:\/\/www.unzue.es\/eu\/general\/transparencia\/relacion-del-ayuntamiento-con-los-ciudadanos-y-la-sociedad\/catalogo-de-servicios-y-atencion-ciudadana\/\"]]}]},{\"@type\":\"BreadcrumbList\",\"@id\":\"http:\/\/www.unzue.es\/eu\/general\/transparencia\/relacion-del-ayuntamiento-con-los-ciudadanos-y-la-sociedad\/catalogo-de-servicios-y-atencion-ciudadana\/#breadcrumb\",\"itemListElement\":[{\"@type\":\"ListItem\",\"position\":1,\"name\":\"Home\",\"item\":\"http:\/\/www.unzue.es\/eu\/\"},{\"@type\":\"ListItem\",\"position\":2,\"name\":\"General\",\"item\":\"http:\/\/www.unzue.es\/eu\/general\/\"},{\"@type\":\"ListItem\",\"position\":3,\"name\":\"Transparencia\",\"item\":\"http:\/\/www.unzue.es\/eu\/general\/transparencia\/\"},{\"@type\":\"ListItem\",\"position\":4,\"name\":\"Relaci\u00f3n del ayuntamiento con los ciudadanos y la sociedad\",\"item\":\"http:\/\/www.unzue.es\/eu\/general\/transparencia\/relacion-del-ayuntamiento-con-los-ciudadanos-y-la-sociedad\/\"},{\"@type\":\"ListItem\",\"position\":5,\"name\":\"Zerbitzuen katalogoa eta herritarrendako arreta\"}]},{\"@type\":\"WebSite\",\"@id\":\"http:\/\/www.unzue.es\/eu\/#website\",\"url\":\"http:\/\/www.unzue.es\/eu\/\",\"name\":\"Ayuntamiento de Unzu\u00e9\",\"description\":\"Otro sitio m\u00e1s de Sitios Desarrollo portales ANIMSA\",\"potentialAction\":[{\"@type\":\"SearchAction\",\"target\":{\"@type\":\"EntryPoint\",\"urlTemplate\":\"http:\/\/www.unzue.es\/eu\/?s={search_term_string}\"},\"query-input\":{\"@type\":\"PropertyValueSpecification\",\"valueRequired\":true,\"valueName\":\"search_term_string\"}}],\"inLanguage\":\"eu-ES\"}]}<\/script>\r\n<!-- \/ Yoast SEO plugin. -->","yoast_head_json":{"title":"Cat\u00e1logo de servicios y atenci\u00f3n ciudadanaZerbitzuen katalogoa eta herritarrendako arreta - Ayuntamiento de Unzu\u00e9","robots":{"index":"index","follow":"follow","max-snippet":"max-snippet:-1","max-image-preview":"max-image-preview:large","max-video-preview":"max-video-preview:-1"},"canonical":"http:\/\/www.unzue.es\/eu\/general\/transparencia\/relacion-del-ayuntamiento-con-los-ciudadanos-y-la-sociedad\/catalogo-de-servicios-y-atencion-ciudadana\/","og_locale":"eu_ES","og_type":"article","og_title":"Cat\u00e1logo de servicios y atenci\u00f3n ciudadanaZerbitzuen katalogoa eta herritarrendako arreta - Ayuntamiento de Unzu\u00e9","og_description":"Herritarrengandik nahiz taldeetatik jasotako galderak. Zerbitzuen katalogo orokorra, barne daudela zerbitzuen egoitzak, ekipamenduak, helbidea, ordutegiak eta haien web estekak. Administrazio-prozeduren katalogoa, barne daudela xedea, izapideak, epeak, formularioak eta izapidetze elektronikorako aukera. Egoerak eta zirkulazio-mozketak, eta gorabeherak udal-zerbitzuetan. Udalerriaren ingurumen egoera.&hellip;","og_url":"http:\/\/www.unzue.es\/eu\/general\/transparencia\/relacion-del-ayuntamiento-con-los-ciudadanos-y-la-sociedad\/catalogo-de-servicios-y-atencion-ciudadana\/","og_site_name":"Ayuntamiento de Unzu\u00e9","article_modified_time":"2016-03-04T09:33:24+00:00","twitter_card":"summary_large_image","twitter_misc":{"Est. reading time":"1 minute"},"schema":{"@context":"https:\/\/schema.org","@graph":[{"@type":"WebPage","@id":"http:\/\/www.unzue.es\/eu\/general\/transparencia\/relacion-del-ayuntamiento-con-los-ciudadanos-y-la-sociedad\/catalogo-de-servicios-y-atencion-ciudadana\/","url":"http:\/\/www.unzue.es\/eu\/general\/transparencia\/relacion-del-ayuntamiento-con-los-ciudadanos-y-la-sociedad\/catalogo-de-servicios-y-atencion-ciudadana\/","name":"Cat\u00e1logo de servicios y atenci\u00f3n ciudadanaZerbitzuen katalogoa eta herritarrendako arreta - Ayuntamiento de Unzu\u00e9","isPartOf":{"@id":"http:\/\/www.unzue.es\/eu\/#website"},"datePublished":"2015-12-09T12:24:44+00:00","dateModified":"2016-03-04T09:33:24+00:00","breadcrumb":{"@id":"http:\/\/www.unzue.es\/eu\/general\/transparencia\/relacion-del-ayuntamiento-con-los-ciudadanos-y-la-sociedad\/catalogo-de-servicios-y-atencion-ciudadana\/#breadcrumb"},"inLanguage":"eu-ES","potentialAction":[{"@type":"ReadAction","target":[["http:\/\/www.unzue.es\/eu\/general\/transparencia\/relacion-del-ayuntamiento-con-los-ciudadanos-y-la-sociedad\/catalogo-de-servicios-y-atencion-ciudadana\/"]]}]},{"@type":"BreadcrumbList","@id":"http:\/\/www.unzue.es\/eu\/general\/transparencia\/relacion-del-ayuntamiento-con-los-ciudadanos-y-la-sociedad\/catalogo-de-servicios-y-atencion-ciudadana\/#breadcrumb","itemListElement":[{"@type":"ListItem","position":1,"name":"Home","item":"http:\/\/www.unzue.es\/eu\/"},{"@type":"ListItem","position":2,"name":"General","item":"http:\/\/www.unzue.es\/eu\/general\/"},{"@type":"ListItem","position":3,"name":"Transparencia","item":"http:\/\/www.unzue.es\/eu\/general\/transparencia\/"},{"@type":"ListItem","position":4,"name":"Relaci\u00f3n del ayuntamiento con los ciudadanos y la sociedad","item":"http:\/\/www.unzue.es\/eu\/general\/transparencia\/relacion-del-ayuntamiento-con-los-ciudadanos-y-la-sociedad\/"},{"@type":"ListItem","position":5,"name":"Zerbitzuen katalogoa eta herritarrendako arreta"}]},{"@type":"WebSite","@id":"http:\/\/www.unzue.es\/eu\/#website","url":"http:\/\/www.unzue.es\/eu\/","name":"Ayuntamiento de Unzu\u00e9","description":"Otro sitio m\u00e1s de Sitios Desarrollo portales ANIMSA","potentialAction":[{"@type":"SearchAction","target":{"@type":"EntryPoint","urlTemplate":"http:\/\/www.unzue.es\/eu\/?s={search_term_string}"},"query-input":{"@type":"PropertyValueSpecification","valueRequired":true,"valueName":"search_term_string"}}],"inLanguage":"eu-ES"}]}},"_links":{"self":[{"href":"http:\/\/www.unzue.es\/eu\/wp-json\/wp\/v2\/pages\/7273","targetHints":{"allow":["GET"]}}],"collection":[{"href":"http:\/\/www.unzue.es\/eu\/wp-json\/wp\/v2\/pages"}],"about":[{"href":"http:\/\/www.unzue.es\/eu\/wp-json\/wp\/v2\/types\/page"}],"author":[{"embeddable":true,"href":"http:\/\/www.unzue.es\/eu\/wp-json\/wp\/v2\/users\/1"}],"replies":[{"embeddable":true,"href":"http:\/\/www.unzue.es\/eu\/wp-json\/wp\/v2\/comments?post=7273"}],"version-history":[{"count":0,"href":"http:\/\/www.unzue.es\/eu\/wp-json\/wp\/v2\/pages\/7273\/revisions"}],"up":[{"embeddable":true,"href":"http:\/\/www.unzue.es\/eu\/wp-json\/wp\/v2\/pages\/7252"}],"wp:attachment":[{"href":"http:\/\/www.unzue.es\/eu\/wp-json\/wp\/v2\/media?parent=7273"}],"curies":[{"name":"wp","href":"https:\/\/api.w.org\/{rel}","templated":true}]}}