{"id":7289,"date":"2015-12-09T13:13:10","date_gmt":"2015-12-09T13:13:10","guid":{"rendered":"http:\/\/www.animsa.es\/?page_id=7289"},"modified":"2016-03-04T10:24:14","modified_gmt":"2016-03-04T09:24:14","slug":"planes-de-ordenacion-urbana-y-convenios-urbanisticos","status":"publish","type":"page","link":"http:\/\/www.unzue.es\/eu\/general\/transparencia\/urbanismo-obras-publicas-y-medioambiente\/planes-de-ordenacion-urbana-y-convenios-urbanisticos\/","title":{"rendered":"Hiri antolamendurako planak eta hirigintza-hitzarmenak"},"content":{"rendered":"<p><\/p>\n<ul>\n<li>Hiri Antolamendurako Plan Orokorra (HAPO), mapak eta planoak xehetasunez.<\/li>\n<li>Ingurumenari buruzko udal politika eta programak, txostenak eta txostenen jarraipena.<\/li>\n<li>Ingurumenaren eta paisaiaren gaineko eraginaren azterlanak, ingurumeneko elementuei dagozkien arriskuen ebaluazioak.<\/li>\n<li>Hiri Antolamendurako Plan Orokorrean nahiz onetsitako plan partzialetan izaniko aldaketak.<\/li>\n<li>Udalaren hirigintza hitzarmenak. Gauzatzen ari diren hirigintza-lanak.<\/li>\n<li>Lurzoruaren erabilerak eta destinoa.<\/li>\n<\/ul>\n<p><\/p>","protected":false},"excerpt":{"rendered":"<p>Hiri Antolamendurako Plan Orokorra (HAPO), mapak eta planoak xehetasunez. Ingurumenari buruzko udal politika eta programak, txostenak eta txostenen jarraipena. Ingurumenaren eta paisaiaren gaineko eraginaren azterlanak, ingurumeneko elementuei dagozkien arriskuen ebaluazioak. Hiri Antolamendurako Plan Orokorrean nahiz onetsitako plan partzialetan izaniko aldaketak.&hellip; <\/p>\n","protected":false},"author":1,"featured_media":0,"parent":7258,"menu_order":0,"comment_status":"closed","ping_status":"closed","template":"","meta":{"_monsterinsights_skip_tracking":false,"_monsterinsights_sitenote_active":false,"_monsterinsights_sitenote_note":"","_monsterinsights_sitenote_category":0,"footnotes":""},"class_list":["post-7289","page","type-page","status-publish","hentry"],"yoast_head":"<!-- This site is optimized with the Yoast SEO plugin v26.8 - https:\/\/yoast.com\/product\/yoast-seo-wordpress\/ -->\r\n<title>Planes de ordenaci\u00f3n urbana y convenios urban\u00edsticosHiri antolamendurako planak eta hirigintza-hitzarmenak - Ayuntamiento de Unzu\u00e9<\/title>\r\n<meta name=\"robots\" content=\"index, follow, max-snippet:-1, max-image-preview:large, max-video-preview:-1\" \/>\r\n<link rel=\"canonical\" href=\"http:\/\/www.unzue.es\/eu\/general\/transparencia\/urbanismo-obras-publicas-y-medioambiente\/planes-de-ordenacion-urbana-y-convenios-urbanisticos\/\" \/>\r\n<meta property=\"og:locale\" content=\"eu_ES\" \/>\r\n<meta property=\"og:type\" content=\"article\" \/>\r\n<meta property=\"og:title\" content=\"Planes de ordenaci\u00f3n urbana y convenios urban\u00edsticosHiri antolamendurako planak eta hirigintza-hitzarmenak - Ayuntamiento de Unzu\u00e9\" \/>\r\n<meta property=\"og:description\" content=\"Hiri Antolamendurako Plan Orokorra (HAPO), mapak eta planoak xehetasunez. Ingurumenari buruzko udal politika eta programak, txostenak eta txostenen jarraipena. Ingurumenaren eta paisaiaren gaineko eraginaren azterlanak, ingurumeneko elementuei dagozkien arriskuen ebaluazioak. Hiri Antolamendurako Plan Orokorrean nahiz onetsitako plan partzialetan izaniko aldaketak.&hellip;\" \/>\r\n<meta property=\"og:url\" content=\"http:\/\/www.unzue.es\/eu\/general\/transparencia\/urbanismo-obras-publicas-y-medioambiente\/planes-de-ordenacion-urbana-y-convenios-urbanisticos\/\" \/>\r\n<meta property=\"og:site_name\" content=\"Ayuntamiento de Unzu\u00e9\" \/>\r\n<meta property=\"article:modified_time\" content=\"2016-03-04T09:24:14+00:00\" \/>\r\n<meta name=\"twitter:card\" content=\"summary_large_image\" \/>\r\n<meta name=\"twitter:label1\" content=\"Est. reading time\" \/>\n\t<meta name=\"twitter:data1\" content=\"1 minute\" \/>\r\n<script type=\"application\/ld+json\" class=\"yoast-schema-graph\">{\"@context\":\"https:\/\/schema.org\",\"@graph\":[{\"@type\":\"WebPage\",\"@id\":\"http:\/\/www.unzue.es\/eu\/general\/transparencia\/urbanismo-obras-publicas-y-medioambiente\/planes-de-ordenacion-urbana-y-convenios-urbanisticos\/\",\"url\":\"http:\/\/www.unzue.es\/eu\/general\/transparencia\/urbanismo-obras-publicas-y-medioambiente\/planes-de-ordenacion-urbana-y-convenios-urbanisticos\/\",\"name\":\"Planes de ordenaci\u00f3n urbana y convenios urban\u00edsticosHiri antolamendurako planak eta hirigintza-hitzarmenak - Ayuntamiento de Unzu\u00e9\",\"isPartOf\":{\"@id\":\"http:\/\/www.unzue.es\/eu\/#website\"},\"datePublished\":\"2015-12-09T13:13:10+00:00\",\"dateModified\":\"2016-03-04T09:24:14+00:00\",\"breadcrumb\":{\"@id\":\"http:\/\/www.unzue.es\/eu\/general\/transparencia\/urbanismo-obras-publicas-y-medioambiente\/planes-de-ordenacion-urbana-y-convenios-urbanisticos\/#breadcrumb\"},\"inLanguage\":\"eu-ES\",\"potentialAction\":[{\"@type\":\"ReadAction\",\"target\":[[\"http:\/\/www.unzue.es\/eu\/general\/transparencia\/urbanismo-obras-publicas-y-medioambiente\/planes-de-ordenacion-urbana-y-convenios-urbanisticos\/\"]]}]},{\"@type\":\"BreadcrumbList\",\"@id\":\"http:\/\/www.unzue.es\/eu\/general\/transparencia\/urbanismo-obras-publicas-y-medioambiente\/planes-de-ordenacion-urbana-y-convenios-urbanisticos\/#breadcrumb\",\"itemListElement\":[{\"@type\":\"ListItem\",\"position\":1,\"name\":\"Home\",\"item\":\"http:\/\/www.unzue.es\/eu\/\"},{\"@type\":\"ListItem\",\"position\":2,\"name\":\"General\",\"item\":\"http:\/\/www.unzue.es\/eu\/general\/\"},{\"@type\":\"ListItem\",\"position\":3,\"name\":\"Transparencia\",\"item\":\"http:\/\/www.unzue.es\/eu\/general\/transparencia\/\"},{\"@type\":\"ListItem\",\"position\":4,\"name\":\"Urbanismo, obras p\u00fablicas y medioambiente\",\"item\":\"http:\/\/www.unzue.es\/eu\/general\/transparencia\/urbanismo-obras-publicas-y-medioambiente\/\"},{\"@type\":\"ListItem\",\"position\":5,\"name\":\"Planes de ordenaci\u00f3n urbana y convenios urban\u00edsticos\"}]},{\"@type\":\"WebSite\",\"@id\":\"http:\/\/www.unzue.es\/eu\/#website\",\"url\":\"http:\/\/www.unzue.es\/eu\/\",\"name\":\"Ayuntamiento de Unzu\u00e9\",\"description\":\"Otro sitio m\u00e1s de Sitios Desarrollo portales ANIMSA\",\"potentialAction\":[{\"@type\":\"SearchAction\",\"target\":{\"@type\":\"EntryPoint\",\"urlTemplate\":\"http:\/\/www.unzue.es\/eu\/?s={search_term_string}\"},\"query-input\":{\"@type\":\"PropertyValueSpecification\",\"valueRequired\":true,\"valueName\":\"search_term_string\"}}],\"inLanguage\":\"eu-ES\"}]}<\/script>\r\n<!-- \/ Yoast SEO plugin. -->","yoast_head_json":{"title":"Planes de ordenaci\u00f3n urbana y convenios urban\u00edsticosHiri antolamendurako planak eta hirigintza-hitzarmenak - Ayuntamiento de Unzu\u00e9","robots":{"index":"index","follow":"follow","max-snippet":"max-snippet:-1","max-image-preview":"max-image-preview:large","max-video-preview":"max-video-preview:-1"},"canonical":"http:\/\/www.unzue.es\/eu\/general\/transparencia\/urbanismo-obras-publicas-y-medioambiente\/planes-de-ordenacion-urbana-y-convenios-urbanisticos\/","og_locale":"eu_ES","og_type":"article","og_title":"Planes de ordenaci\u00f3n urbana y convenios urban\u00edsticosHiri antolamendurako planak eta hirigintza-hitzarmenak - Ayuntamiento de Unzu\u00e9","og_description":"Hiri Antolamendurako Plan Orokorra (HAPO), mapak eta planoak xehetasunez. Ingurumenari buruzko udal politika eta programak, txostenak eta txostenen jarraipena. Ingurumenaren eta paisaiaren gaineko eraginaren azterlanak, ingurumeneko elementuei dagozkien arriskuen ebaluazioak. Hiri Antolamendurako Plan Orokorrean nahiz onetsitako plan partzialetan izaniko aldaketak.&hellip;","og_url":"http:\/\/www.unzue.es\/eu\/general\/transparencia\/urbanismo-obras-publicas-y-medioambiente\/planes-de-ordenacion-urbana-y-convenios-urbanisticos\/","og_site_name":"Ayuntamiento de Unzu\u00e9","article_modified_time":"2016-03-04T09:24:14+00:00","twitter_card":"summary_large_image","twitter_misc":{"Est. reading time":"1 minute"},"schema":{"@context":"https:\/\/schema.org","@graph":[{"@type":"WebPage","@id":"http:\/\/www.unzue.es\/eu\/general\/transparencia\/urbanismo-obras-publicas-y-medioambiente\/planes-de-ordenacion-urbana-y-convenios-urbanisticos\/","url":"http:\/\/www.unzue.es\/eu\/general\/transparencia\/urbanismo-obras-publicas-y-medioambiente\/planes-de-ordenacion-urbana-y-convenios-urbanisticos\/","name":"Planes de ordenaci\u00f3n urbana y convenios urban\u00edsticosHiri antolamendurako planak eta hirigintza-hitzarmenak - Ayuntamiento de Unzu\u00e9","isPartOf":{"@id":"http:\/\/www.unzue.es\/eu\/#website"},"datePublished":"2015-12-09T13:13:10+00:00","dateModified":"2016-03-04T09:24:14+00:00","breadcrumb":{"@id":"http:\/\/www.unzue.es\/eu\/general\/transparencia\/urbanismo-obras-publicas-y-medioambiente\/planes-de-ordenacion-urbana-y-convenios-urbanisticos\/#breadcrumb"},"inLanguage":"eu-ES","potentialAction":[{"@type":"ReadAction","target":[["http:\/\/www.unzue.es\/eu\/general\/transparencia\/urbanismo-obras-publicas-y-medioambiente\/planes-de-ordenacion-urbana-y-convenios-urbanisticos\/"]]}]},{"@type":"BreadcrumbList","@id":"http:\/\/www.unzue.es\/eu\/general\/transparencia\/urbanismo-obras-publicas-y-medioambiente\/planes-de-ordenacion-urbana-y-convenios-urbanisticos\/#breadcrumb","itemListElement":[{"@type":"ListItem","position":1,"name":"Home","item":"http:\/\/www.unzue.es\/eu\/"},{"@type":"ListItem","position":2,"name":"General","item":"http:\/\/www.unzue.es\/eu\/general\/"},{"@type":"ListItem","position":3,"name":"Transparencia","item":"http:\/\/www.unzue.es\/eu\/general\/transparencia\/"},{"@type":"ListItem","position":4,"name":"Urbanismo, obras p\u00fablicas y medioambiente","item":"http:\/\/www.unzue.es\/eu\/general\/transparencia\/urbanismo-obras-publicas-y-medioambiente\/"},{"@type":"ListItem","position":5,"name":"Planes de ordenaci\u00f3n urbana y convenios urban\u00edsticos"}]},{"@type":"WebSite","@id":"http:\/\/www.unzue.es\/eu\/#website","url":"http:\/\/www.unzue.es\/eu\/","name":"Ayuntamiento de Unzu\u00e9","description":"Otro sitio m\u00e1s de Sitios Desarrollo portales ANIMSA","potentialAction":[{"@type":"SearchAction","target":{"@type":"EntryPoint","urlTemplate":"http:\/\/www.unzue.es\/eu\/?s={search_term_string}"},"query-input":{"@type":"PropertyValueSpecification","valueRequired":true,"valueName":"search_term_string"}}],"inLanguage":"eu-ES"}]}},"_links":{"self":[{"href":"http:\/\/www.unzue.es\/eu\/wp-json\/wp\/v2\/pages\/7289","targetHints":{"allow":["GET"]}}],"collection":[{"href":"http:\/\/www.unzue.es\/eu\/wp-json\/wp\/v2\/pages"}],"about":[{"href":"http:\/\/www.unzue.es\/eu\/wp-json\/wp\/v2\/types\/page"}],"author":[{"embeddable":true,"href":"http:\/\/www.unzue.es\/eu\/wp-json\/wp\/v2\/users\/1"}],"replies":[{"embeddable":true,"href":"http:\/\/www.unzue.es\/eu\/wp-json\/wp\/v2\/comments?post=7289"}],"version-history":[{"count":0,"href":"http:\/\/www.unzue.es\/eu\/wp-json\/wp\/v2\/pages\/7289\/revisions"}],"up":[{"embeddable":true,"href":"http:\/\/www.unzue.es\/eu\/wp-json\/wp\/v2\/pages\/7258"}],"wp:attachment":[{"href":"http:\/\/www.unzue.es\/eu\/wp-json\/wp\/v2\/media?parent=7289"}],"curies":[{"name":"wp","href":"https:\/\/api.w.org\/{rel}","templated":true}]}}