{"id":9,"date":"2018-04-06T12:06:27","date_gmt":"2018-04-06T12:06:27","guid":{"rendered":"http:\/\/www.unzue.es\/enlaces\/"},"modified":"2024-12-25T12:58:57","modified_gmt":"2024-12-25T12:58:57","slug":"enlaces","status":"publish","type":"page","link":"http:\/\/www.unzue.es\/eu\/enlaces\/","title":{"rendered":"Baliabideak"},"content":{"rendered":"<p><a href=\"https:\/\/www.sede.fnmt.gob.es\/certificados\/persona-fisica\" target=\"_blank\" rel=\"noopener\">Solicita tu certificado electr\u00f3nico<\/a><br \/>\n<a href=\"https:\/\/car.navarra.es\/CAR\/LoginCipna.aspx?id=50097&amp;referrer=https%3a%2f%2fadministracionelectronica.navarra.es%2fwebcitaprevia%2fhome_es%2fTiposServicio.aspx&amp;serviceDescription=&amp;SkipRepInfo=\" target=\"_blank\" rel=\"noopener\">Cita previa en tu centro de salud<\/a><br \/>\n<a href=\"http:\/\/sitna.navarra.es\/geoportal\/?lang=\" target=\"_blank\" rel=\"noopener\">SITNA \u2013 Sistema de informaci\u00f3n territorial<\/a><br \/>\n<a href=\"http:\/\/www.navarra.es\" target=\"_blank\" rel=\"noopener\">Navarra<\/a><br \/>\n<a href=\"http:\/\/www.navarra.es\/home_es\/Actualidad\/BON\/\" target=\"_blank\" rel=\"noopener\">BON<\/a><br \/>\n<a href=\"http:\/\/www.fnmc.es\" target=\"_blank\" rel=\"noopener\">FNMC<\/a><br \/>\n<a href=\"http:\/\/www.navarra.es\/home_es\/Servicios\/buscador\/0\/0\/0\/0\/12\/-\/0\/0\/-\" target=\"_blank\" rel=\"noopener\">Ayudas del Gobierno de Navarra<\/a><\/p>\n<p><strong>Agrupaci\u00f3n de Servicios Administrativos<\/strong><br \/>\nDirecci\u00f3n:<br \/>\nConjunto Monumental de Katalain<br \/>\nCarretera Leoz km 2,5 (Na-5100) Navarra 31395<br \/>\nEmail: <a href=\"mailto:agrupacion@valdorba.es\">agrupacion@valdorba.es<\/a><br \/>\nTel\u00e9fono: 948 926 920<\/p>","protected":false},"excerpt":{"rendered":"<p>Solicita tu certificado electr\u00f3nico Cita previa en tu centro de salud SITNA \u2013 Sistema de informaci\u00f3n territorial Navarra BON FNMC Ayudas del Gobierno de Navarra Agrupaci\u00f3n de Servicios Administrativos Direcci\u00f3n: Conjunto Monumental de Katalain Carretera Leoz km 2,5 (Na-5100) Navarra&hellip; <\/p>\n","protected":false},"author":1,"featured_media":7374,"parent":0,"menu_order":11,"comment_status":"closed","ping_status":"closed","template":"","meta":{"_monsterinsights_skip_tracking":false,"_monsterinsights_sitenote_active":false,"_monsterinsights_sitenote_note":"","_monsterinsights_sitenote_category":0,"footnotes":""},"class_list":["post-9","page","type-page","status-publish","has-post-thumbnail","hentry"],"yoast_head":"<!-- This site is optimized with the Yoast SEO plugin v26.8 - https:\/\/yoast.com\/product\/yoast-seo-wordpress\/ -->\r\n<title>Baliabideak - Ayuntamiento de Unzu\u00e9<\/title>\r\n<meta name=\"robots\" content=\"index, follow, max-snippet:-1, max-image-preview:large, max-video-preview:-1\" \/>\r\n<link rel=\"canonical\" href=\"http:\/\/www.unzue.es\/eu\/enlaces\/\" \/>\r\n<meta property=\"og:locale\" content=\"eu_ES\" \/>\r\n<meta property=\"og:type\" content=\"article\" \/>\r\n<meta property=\"og:title\" content=\"Baliabideak - Ayuntamiento de Unzu\u00e9\" \/>\r\n<meta property=\"og:description\" content=\"Solicita tu certificado electr\u00f3nico Cita previa en tu centro de salud SITNA \u2013 Sistema de informaci\u00f3n territorial Navarra BON FNMC Ayudas del Gobierno de Navarra Agrupaci\u00f3n de Servicios Administrativos Direcci\u00f3n: Conjunto Monumental de Katalain Carretera Leoz km 2,5 (Na-5100) Navarra&hellip;\" \/>\r\n<meta property=\"og:url\" content=\"http:\/\/www.unzue.es\/eu\/enlaces\/\" \/>\r\n<meta property=\"og:site_name\" content=\"Ayuntamiento de Unzu\u00e9\" \/>\r\n<meta property=\"article:modified_time\" content=\"2024-12-25T12:58:57+00:00\" \/>\r\n<meta property=\"og:image\" content=\"http:\/\/www.unzue.es\/wp-content\/uploads\/sites\/35\/2018\/04\/Slider-cliente-Unzue4.jpg\" \/>\r\n\t<meta property=\"og:image:width\" content=\"1018\" \/>\r\n\t<meta property=\"og:image:height\" content=\"275\" \/>\r\n\t<meta property=\"og:image:type\" content=\"image\/jpeg\" \/>\r\n<meta name=\"twitter:card\" content=\"summary_large_image\" \/>\r\n<meta name=\"twitter:label1\" content=\"Est. reading time\" \/>\n\t<meta name=\"twitter:data1\" content=\"2 minutes\" \/>\r\n<script type=\"application\/ld+json\" class=\"yoast-schema-graph\">{\"@context\":\"https:\/\/schema.org\",\"@graph\":[{\"@type\":\"WebPage\",\"@id\":\"http:\/\/www.unzue.es\/eu\/enlaces\/\",\"url\":\"http:\/\/www.unzue.es\/eu\/enlaces\/\",\"name\":\"Baliabideak - Ayuntamiento de Unzu\u00e9\",\"isPartOf\":{\"@id\":\"http:\/\/www.unzue.es\/eu\/#website\"},\"primaryImageOfPage\":{\"@id\":\"http:\/\/www.unzue.es\/eu\/enlaces\/#primaryimage\"},\"image\":{\"@id\":\"http:\/\/www.unzue.es\/enlaces\/#primaryimage\"},\"thumbnailUrl\":\"http:\/\/www.unzue.es\/wp-content\/uploads\/sites\/35\/2018\/04\/Slider-cliente-Unzue4.jpg\",\"datePublished\":\"2018-04-06T12:06:27+00:00\",\"dateModified\":\"2024-12-25T12:58:57+00:00\",\"breadcrumb\":{\"@id\":\"http:\/\/www.unzue.es\/eu\/enlaces\/#breadcrumb\"},\"inLanguage\":\"eu-ES\",\"potentialAction\":[{\"@type\":\"ReadAction\",\"target\":[[\"http:\/\/www.unzue.es\/eu\/enlaces\/\"]]}]},{\"@type\":\"ImageObject\",\"inLanguage\":\"eu-ES\",\"@id\":\"http:\/\/www.unzue.es\/eu\/enlaces\/#primaryimage\",\"url\":\"http:\/\/www.unzue.es\/wp-content\/uploads\/sites\/35\/2018\/04\/Slider-cliente-Unzue4.jpg\",\"contentUrl\":\"http:\/\/www.unzue.es\/wp-content\/uploads\/sites\/35\/2018\/04\/Slider-cliente-Unzue4.jpg\",\"width\":1018,\"height\":275},{\"@type\":\"BreadcrumbList\",\"@id\":\"http:\/\/www.unzue.es\/eu\/enlaces\/#breadcrumb\",\"itemListElement\":[{\"@type\":\"ListItem\",\"position\":1,\"name\":\"Home\",\"item\":\"http:\/\/www.unzue.es\/eu\/\"},{\"@type\":\"ListItem\",\"position\":2,\"name\":\"Enlaces\"}]},{\"@type\":\"WebSite\",\"@id\":\"http:\/\/www.unzue.es\/eu\/#website\",\"url\":\"http:\/\/www.unzue.es\/eu\/\",\"name\":\"Ayuntamiento de Unzu\u00e9\",\"description\":\"Otro sitio m\u00e1s de Sitios Desarrollo portales ANIMSA\",\"potentialAction\":[{\"@type\":\"SearchAction\",\"target\":{\"@type\":\"EntryPoint\",\"urlTemplate\":\"http:\/\/www.unzue.es\/eu\/?s={search_term_string}\"},\"query-input\":{\"@type\":\"PropertyValueSpecification\",\"valueRequired\":true,\"valueName\":\"search_term_string\"}}],\"inLanguage\":\"eu-ES\"}]}<\/script>\r\n<!-- \/ Yoast SEO plugin. -->","yoast_head_json":{"title":"Baliabideak - Ayuntamiento de Unzu\u00e9","robots":{"index":"index","follow":"follow","max-snippet":"max-snippet:-1","max-image-preview":"max-image-preview:large","max-video-preview":"max-video-preview:-1"},"canonical":"http:\/\/www.unzue.es\/eu\/enlaces\/","og_locale":"eu_ES","og_type":"article","og_title":"Baliabideak - Ayuntamiento de Unzu\u00e9","og_description":"Solicita tu certificado electr\u00f3nico Cita previa en tu centro de salud SITNA \u2013 Sistema de informaci\u00f3n territorial Navarra BON FNMC Ayudas del Gobierno de Navarra Agrupaci\u00f3n de Servicios Administrativos Direcci\u00f3n: Conjunto Monumental de Katalain Carretera Leoz km 2,5 (Na-5100) Navarra&hellip;","og_url":"http:\/\/www.unzue.es\/eu\/enlaces\/","og_site_name":"Ayuntamiento de Unzu\u00e9","article_modified_time":"2024-12-25T12:58:57+00:00","og_image":[{"width":1018,"height":275,"url":"http:\/\/www.unzue.es\/wp-content\/uploads\/sites\/35\/2018\/04\/Slider-cliente-Unzue4.jpg","type":"image\/jpeg"}],"twitter_card":"summary_large_image","twitter_misc":{"Est. reading time":"2 minutes"},"schema":{"@context":"https:\/\/schema.org","@graph":[{"@type":"WebPage","@id":"http:\/\/www.unzue.es\/eu\/enlaces\/","url":"http:\/\/www.unzue.es\/eu\/enlaces\/","name":"Baliabideak - Ayuntamiento de Unzu\u00e9","isPartOf":{"@id":"http:\/\/www.unzue.es\/eu\/#website"},"primaryImageOfPage":{"@id":"http:\/\/www.unzue.es\/eu\/enlaces\/#primaryimage"},"image":{"@id":"http:\/\/www.unzue.es\/enlaces\/#primaryimage"},"thumbnailUrl":"http:\/\/www.unzue.es\/wp-content\/uploads\/sites\/35\/2018\/04\/Slider-cliente-Unzue4.jpg","datePublished":"2018-04-06T12:06:27+00:00","dateModified":"2024-12-25T12:58:57+00:00","breadcrumb":{"@id":"http:\/\/www.unzue.es\/eu\/enlaces\/#breadcrumb"},"inLanguage":"eu-ES","potentialAction":[{"@type":"ReadAction","target":[["http:\/\/www.unzue.es\/eu\/enlaces\/"]]}]},{"@type":"ImageObject","inLanguage":"eu-ES","@id":"http:\/\/www.unzue.es\/eu\/enlaces\/#primaryimage","url":"http:\/\/www.unzue.es\/wp-content\/uploads\/sites\/35\/2018\/04\/Slider-cliente-Unzue4.jpg","contentUrl":"http:\/\/www.unzue.es\/wp-content\/uploads\/sites\/35\/2018\/04\/Slider-cliente-Unzue4.jpg","width":1018,"height":275},{"@type":"BreadcrumbList","@id":"http:\/\/www.unzue.es\/eu\/enlaces\/#breadcrumb","itemListElement":[{"@type":"ListItem","position":1,"name":"Home","item":"http:\/\/www.unzue.es\/eu\/"},{"@type":"ListItem","position":2,"name":"Enlaces"}]},{"@type":"WebSite","@id":"http:\/\/www.unzue.es\/eu\/#website","url":"http:\/\/www.unzue.es\/eu\/","name":"Ayuntamiento de Unzu\u00e9","description":"Otro sitio m\u00e1s de Sitios Desarrollo portales ANIMSA","potentialAction":[{"@type":"SearchAction","target":{"@type":"EntryPoint","urlTemplate":"http:\/\/www.unzue.es\/eu\/?s={search_term_string}"},"query-input":{"@type":"PropertyValueSpecification","valueRequired":true,"valueName":"search_term_string"}}],"inLanguage":"eu-ES"}]}},"_links":{"self":[{"href":"http:\/\/www.unzue.es\/eu\/wp-json\/wp\/v2\/pages\/9","targetHints":{"allow":["GET"]}}],"collection":[{"href":"http:\/\/www.unzue.es\/eu\/wp-json\/wp\/v2\/pages"}],"about":[{"href":"http:\/\/www.unzue.es\/eu\/wp-json\/wp\/v2\/types\/page"}],"author":[{"embeddable":true,"href":"http:\/\/www.unzue.es\/eu\/wp-json\/wp\/v2\/users\/1"}],"replies":[{"embeddable":true,"href":"http:\/\/www.unzue.es\/eu\/wp-json\/wp\/v2\/comments?post=9"}],"version-history":[{"count":14,"href":"http:\/\/www.unzue.es\/eu\/wp-json\/wp\/v2\/pages\/9\/revisions"}],"predecessor-version":[{"id":19688,"href":"http:\/\/www.unzue.es\/eu\/wp-json\/wp\/v2\/pages\/9\/revisions\/19688"}],"wp:featuredmedia":[{"embeddable":true,"href":"http:\/\/www.unzue.es\/eu\/wp-json\/wp\/v2\/media\/7374"}],"wp:attachment":[{"href":"http:\/\/www.unzue.es\/eu\/wp-json\/wp\/v2\/media?parent=9"}],"curies":[{"name":"wp","href":"https:\/\/api.w.org\/{rel}","templated":true}]}}